{"id":11,"date":"2021-03-25T19:28:51","date_gmt":"2021-03-25T19:28:51","guid":{"rendered":"https:\/\/szucsbike.hu\/?page_id=11"},"modified":"2025-02-19T08:12:29","modified_gmt":"2025-02-19T08:12:29","slug":"hirek","status":"publish","type":"page","link":"https:\/\/szucsbike.hu\/?page_id=11","title":{"rendered":"H\u00edrek"},"content":{"rendered":"\n<p>Kedves Tanul\u00f3ink, leend\u0151 Di\u00e1kjaink!<\/p>\n\n\n\n<p>Iskol\u00e1nkban folyamatos a jelentkez\u00e9si lehet\u0151s\u00e9g tantermi, illetve online elm\u00e9leti k\u00e9pz\u00e9seinkre.<br>V\u00e1runk Benneteket szeretettel!<\/p>\n\n\n\n<p> El\u00e9rhet\u0151s\u00e9geim:<\/p>\n\n\n\n<p>E-mail: <a href=\"mailto:szucsbike@gmail.com\">szucsbike@gmail.com<\/a><\/p>\n\n\n\n<p>Facebook: <a href=\"https:\/\/www.facebook.com\/Sz%C3%BCcsi-Aut%C3%B3siskola-161750630516865\">Sz\u00fccsi Aut\u00f3siskola<\/a><\/p>\n\n\n\n<p>Telefonsz\u00e1mok: <a href=\"tel:+3696326300\">+36\/96-326-300<\/a> vagy <a href=\"tel:+36205847937\">+36\/20-584-7937<\/a><\/p>\n\n\n\n<p>Sz\u00fccsBike<\/p>\n","protected":false},"excerpt":{"rendered":"<p>Kedves Tanul\u00f3ink, leend\u0151 Di\u00e1kjaink! Iskol\u00e1nkban folyamatos a jelentkez\u00e9si lehet\u0151s\u00e9g tantermi, illetve online elm\u00e9leti k\u00e9pz\u00e9seinkre.V\u00e1runk Benneteket szeretettel! El\u00e9rhet\u0151s\u00e9geim: E-mail: szucsbike@gmail.com Facebook: Sz\u00fccsi Aut\u00f3siskola Telefonsz\u00e1mok: +36\/96-326-300 vagy +36\/20-584-7937 Sz\u00fccsBike<\/p>\n","protected":false},"author":1,"featured_media":0,"parent":0,"menu_order":0,"comment_status":"closed","ping_status":"closed","template":"","meta":{"footnotes":""},"class_list":["post-11","page","type-page","status-publish","hentry"],"_links":{"self":[{"href":"https:\/\/szucsbike.hu\/index.php?rest_route=\/wp\/v2\/pages\/11","targetHints":{"allow":["GET"]}}],"collection":[{"href":"https:\/\/szucsbike.hu\/index.php?rest_route=\/wp\/v2\/pages"}],"about":[{"href":"https:\/\/szucsbike.hu\/index.php?rest_route=\/wp\/v2\/types\/page"}],"author":[{"embeddable":true,"href":"https:\/\/szucsbike.hu\/index.php?rest_route=\/wp\/v2\/users\/1"}],"replies":[{"embeddable":true,"href":"https:\/\/szucsbike.hu\/index.php?rest_route=%2Fwp%2Fv2%2Fcomments&post=11"}],"version-history":[{"count":5,"href":"https:\/\/szucsbike.hu\/index.php?rest_route=\/wp\/v2\/pages\/11\/revisions"}],"predecessor-version":[{"id":268,"href":"https:\/\/szucsbike.hu\/index.php?rest_route=\/wp\/v2\/pages\/11\/revisions\/268"}],"wp:attachment":[{"href":"https:\/\/szucsbike.hu\/index.php?rest_route=%2Fwp%2Fv2%2Fmedia&parent=11"}],"curies":[{"name":"wp","href":"https:\/\/api.w.org\/{rel}","templated":true}]}}