{"id":17,"date":"2021-03-25T20:22:29","date_gmt":"2021-03-25T20:22:29","guid":{"rendered":"https:\/\/szucsbike.hu\/?page_id=17"},"modified":"2021-05-09T08:23:58","modified_gmt":"2021-05-09T08:23:58","slug":"motoros-es-autos-kepzesek","status":"publish","type":"page","link":"https:\/\/szucsbike.hu\/?page_id=17","title":{"rendered":"Motoros \u00e9s Aut\u00f3s k\u00e9pz\u00e9sek"},"content":{"rendered":"\n<p><strong>Fizet\u00e9s a k\u00f6vetkez\u0151 m\u00f3dokon lehets\u00e9ges:<\/strong><\/p>\n\n\n\n<ul class=\"wp-block-list\"><li>K\u00e9szp\u00e9nz<\/li><li>Utal\u00e1s<\/li><\/ul>\n\n\n\n<p>Utal\u00e1s eset\u00e9n sz\u00e1mlasz\u00e1m: 11773377-01242225<br>Kedvezm\u00e9nyezett neve: Sz\u00fccs Gerg\u0151<br>Megjegyz\u00e9s: tanul\u00f3 neve + utal\u00e1s t\u00e1rgya, pl: gyakorlat<\/p>\n\n\n\n<hr class=\"wp-block-separator\"\/>\n\n\n<div id=\"rpt_pricr\" class=\"rpt_plans rpt_3_plans rpt_style_basic\"><div class=\"\"><div class=\"rpt_plan  rpt_plugin_f rpt_plan_0  \"><div style=\"text-align:center;\" class=\"rpt_title rpt_title_0\">AM<\/div><div class=\"rpt_head rpt_head_0\"><div class=\"rpt_price rpt_price_0\">142.400 Ft<\/div><div style=\"color:#1e73be;\" class=\"rpt_subtitle rpt_subtitle_0\">Seg\u00e9dmotor<\/div><div class=\"rpt_description rpt_description_0\">50 ccm-ig, 14 \u00e9v<\/div><\/div><div class=\"rpt_features rpt_features_0\"><div style=\"color:black;\" class=\"rpt_feature rpt_feature_0-0\">Elm\u00e9leti oktat\u00e1s - 35.000 Ft \r<\/div><div style=\"color:black;\" class=\"rpt_feature rpt_feature_0-1\">\u00d3rasz\u00e1m - 11 \u00f3ra \r<\/div><div style=\"color:black;\" class=\"rpt_feature rpt_feature_0-2\">\u00d3rad\u00edj - 7.500 Ft \/ \u00f3ra \r<\/div><div style=\"color:black;\" class=\"rpt_feature rpt_feature_0-3\">Gyakorlati oktat\u00e1s d\u00edja - 82.500 Ft \r<\/div><div style=\"color:black;\" class=\"rpt_feature rpt_feature_0-4\">Elm\u00e9leti vizsgad\u00edj - 10.500 Ft \r<\/div><div style=\"color:black;\" class=\"rpt_feature rpt_feature_0-5\">J\u00e1rm\u0171kezel\u00e9s vizsgad\u00edj - 7.200 Ft \r<\/div><div style=\"color:black;\" class=\"rpt_feature rpt_feature_0-6\">Forgalmi vizsga - 7.200 Ft<\/div><\/div><a target=\"_blank\" href=\"https:\/\/szucsbike.hu\/kapcsolat\" style=\"background:#1e73be\" class=\"rpt_foot rpt_foot_0\">Jelentkezem!<\/a><\/div><div class=\"rpt_plan  rpt_plugin_f rpt_plan_1  \"><div style=\"text-align:center;\" class=\"rpt_title rpt_title_1\">A1<\/div><div class=\"rpt_head rpt_head_1\"><div class=\"rpt_price rpt_price_1\">243.000 Ft<\/div><div style=\"color:#1e73be;\" class=\"rpt_subtitle rpt_subtitle_1\">Motorker\u00e9kp\u00e1r<\/div><div class=\"rpt_description rpt_description_1\">125 ccm.ig, 11kW-ig, 16 \u00e9v<\/div><\/div><div class=\"rpt_features rpt_features_1\"><div style=\"color:black;\" class=\"rpt_feature rpt_feature_1-0\">Elm\u00e9leti oktat\u00e1s - 55.000 Ft \r<\/div><div style=\"color:black;\" class=\"rpt_feature rpt_feature_1-1\">\u00d3rasz\u00e1m - 17 \u00f3ra \r<\/div><div style=\"color:black;\" class=\"rpt_feature rpt_feature_1-2\">\u00d3rad\u00edj - 8.500 Ft \/ \u00f3ra \r<\/div><div style=\"color:black;\" class=\"rpt_feature rpt_feature_1-3\">Gyakorlati oktat\u00e1s d\u00edja - 144.500 Ft \r<\/div><div style=\"color:black;\" class=\"rpt_feature rpt_feature_1-4\">Elm\u00e9leti vizsgad\u00edj - 10.500 Ft \r<\/div><div style=\"color:black;\" class=\"rpt_feature rpt_feature_1-5\">J\u00e1rm\u0171kezel\u00e9s vizsgad\u00edj - 9.000 Ft \r<\/div><div style=\"color:black;\" class=\"rpt_feature rpt_feature_1-6\">Forgalmi vizsga - 24.000 Ft<\/div><\/div><a target=\"_blank\" href=\"https:\/\/szucsbike.hu\/kapcsolat\" style=\"background:#1e73be\" class=\"rpt_foot rpt_foot_1\">Jelentkezem!<\/a><\/div><div class=\"rpt_plan  rpt_plugin_f rpt_plan_2  \"><div style=\"text-align:center;\" class=\"rpt_title rpt_title_2\">B-vel A1<\/div><div class=\"rpt_head rpt_head_2\"><div class=\"rpt_price rpt_price_2\">115.000 Ft<\/div><div style=\"color:#1e73be;\" class=\"rpt_subtitle rpt_subtitle_2\">Motorker\u00e9kp\u00e1r + Szem\u00e9lyg\u00e9pkocsi<\/div><div class=\"rpt_description rpt_description_2\">125 ccm.ig, 11kW-ig, 16 \u00e9v<\/div><\/div><div class=\"rpt_features rpt_features_2\"><div style=\"color:black;\" class=\"rpt_feature rpt_feature_2-0\">Elm\u00e9leti oktat\u00e1s - 55000 Ft \r<\/div><div style=\"color:black;\" class=\"rpt_feature rpt_feature_2-1\">\u00d3rasz\u00e1m - 3 \u00f3ra \r<\/div><div style=\"color:black;\" class=\"rpt_feature rpt_feature_2-2\">\u00d3rad\u00edj - 8.500 Ft \/ \u00f3ra \r<\/div><div style=\"color:black;\" class=\"rpt_feature rpt_feature_2-3\">Gyakorlati oktat\u00e1s d\u00edja - 25.500 Ft \r<\/div><div style=\"color:black;\" class=\"rpt_feature rpt_feature_2-4\">Elm\u00e9leti vizsgad\u00edj - 10.500 Ft \r<\/div><div style=\"color:black;\" class=\"rpt_feature rpt_feature_2-5\">Forgalmi vizsga - 24.000 Ft<\/div><\/div><a target=\"_blank\" href=\"https:\/\/szucsbike.hu\/kapcsolat\" style=\"background:#1e73be\" class=\"rpt_foot rpt_foot_2\">Jelentkezem!<\/a><\/div><\/div><\/div><div style=\"clear:both;\"><\/div>\n\n\n\n<br>\n\n\n<div id=\"rpt_pricr\" class=\"rpt_plans rpt_3_plans rpt_style_basic\"><div class=\"\"><div class=\"rpt_plan  rpt_plugin_f rpt_plan_0  \"><div style=\"text-align:center;\" class=\"rpt_title rpt_title_0\">A<\/div><div class=\"rpt_head rpt_head_0\"><div class=\"rpt_price rpt_price_0\">328.000 Ft<\/div><div style=\"color:#1e73be;\" class=\"rpt_subtitle rpt_subtitle_0\">Korl\u00e1toz\u00e1s n\u00e9lk\u00fcli motorker\u00e9kp\u00e1r<\/div><div class=\"rpt_description rpt_description_0\">600 ccm-t\u0151l, 24 \u00e9v<\/div><\/div><div class=\"rpt_features rpt_features_0\"><div style=\"color:black;\" class=\"rpt_feature rpt_feature_0-0\">Elm\u00e9leti oktat\u00e1s - 55.000 Ft \r<\/div><div style=\"color:black;\" class=\"rpt_feature rpt_feature_0-1\">\u00d3rasz\u00e1m - 27 \u00f3ra \r<\/div><div style=\"color:black;\" class=\"rpt_feature rpt_feature_0-2\">\u00d3rad\u00edj - 8500 Ft \/ \u00f3ra \r<\/div><div style=\"color:black;\" class=\"rpt_feature rpt_feature_0-3\">Gyakorlati oktat\u00e1s d\u00edja - 229.500 Ft \r<\/div><div style=\"color:black;\" class=\"rpt_feature rpt_feature_0-4\">Elm\u00e9leti vizsgad\u00edj - 10.500 Ft \r<\/div><div style=\"color:black;\" class=\"rpt_feature rpt_feature_0-5\">J\u00e1rm\u0171 kezel\u00e9si vizsgad\u00edj - 9.000 Ft \r<\/div><div style=\"color:black;\" class=\"rpt_feature rpt_feature_0-6\">Forgalmi vizsga - 24.000 Ft<\/div><\/div><a target=\"_blank\" href=\"https:\/\/szucsbike.hu\/kapcsolat\" style=\"background:#1e73be\" class=\"rpt_foot rpt_foot_0\">Jelentkezem!<\/a><\/div><div class=\"rpt_plan  rpt_plugin_f rpt_plan_1  \"><div style=\"text-align:center;\" class=\"rpt_title rpt_title_1\">A2<\/div><div class=\"rpt_head rpt_head_1\"><div class=\"rpt_price rpt_price_1\">243.000 Ft<\/div><div style=\"color:#1e73be;\" class=\"rpt_subtitle rpt_subtitle_1\">Motorker\u00e9kp\u00e1r<\/div><div class=\"rpt_description rpt_description_1\">35 kW-ig, 18 \u00e9v<\/div><\/div><div class=\"rpt_features rpt_features_1\"><div style=\"color:black;\" class=\"rpt_feature rpt_feature_1-0\">Elm\u00e9leti oktat\u00e1s - 55.000 Ft \r<\/div><div style=\"color:black;\" class=\"rpt_feature rpt_feature_1-1\">\u00d3rasz\u00e1m - 17 \u00f3ra \r<\/div><div style=\"color:black;\" class=\"rpt_feature rpt_feature_1-2\">\u00d3rad\u00edj - 8500 Ft \/ \u00f3ra \r<\/div><div style=\"color:black;\" class=\"rpt_feature rpt_feature_1-3\">Gyakorlati oktat\u00e1s - 144.500 Ft \r<\/div><div style=\"color:black;\" class=\"rpt_feature rpt_feature_1-4\">Elm\u00e9leti vizsgad\u00edj - 4.600 Ft \r<\/div><div style=\"color:black;\" class=\"rpt_feature rpt_feature_1-5\">J\u00e1rm\u0171kezel\u00e9s vizsgad\u00edj - 9.000Ft \r<\/div><div style=\"color:black;\" class=\"rpt_feature rpt_feature_1-6\">Forgalmi vizsga - 24.000 Ft <\/div><\/div><a target=\"_blank\" href=\"https:\/\/szucsbike.hu\/kapcsolat\" style=\"background:#1e73be\" class=\"rpt_foot rpt_foot_1\">Jelentkezem!<\/a><\/div><div class=\"rpt_plan  rpt_plugin_f rpt_plan_2  \"><div style=\"text-align:center;\" class=\"rpt_title rpt_title_2\">B<\/div><div class=\"rpt_head rpt_head_2\"><div class=\"rpt_price rpt_price_2\">355.600Ft<\/div><div style=\"color:#1e73be;\" class=\"rpt_subtitle rpt_subtitle_2\">Szem\u00e9lyg\u00e9pkocsi<\/div><div class=\"rpt_description rpt_description_2\">17 \u00e9ves kort\u00f3l<\/div><\/div><div class=\"rpt_features rpt_features_2\"><div style=\"color:black;\" class=\"rpt_feature rpt_feature_2-0\">Elm\u00e9leti oktat\u00e1s - 55.000 Ft \r<\/div><div style=\"color:black;\" class=\"rpt_feature rpt_feature_2-1\">\u00d3rasz\u00e1m - 30 \u00f3ra \r<\/div><div style=\"color:black;\" class=\"rpt_feature rpt_feature_2-2\">\u00d3rad\u00edj - 9500 Ft \/ \u00f3ra \r<\/div><div style=\"color:black;\" class=\"rpt_feature rpt_feature_2-3\">Gyakorlati oktat\u00e1s - 285.000 Ft \r<\/div><div style=\"color:black;\" class=\"rpt_feature rpt_feature_2-4\">Elm\u00e9leti vizsgad\u00edj - 4.600 Ft \r<\/div><div style=\"color:black;\" class=\"rpt_feature rpt_feature_2-5\">Forgalmi vizsga - 11.000 Ft \r<\/div><div style=\"color:black;\" class=\"rpt_feature rpt_feature_2-6\">Gyors\u00edtott jogos\u00edtv\u00e1ny eset\u00e9ben 11.000 FT\/\u00f3<\/div><\/div><a target=\"_blank\" href=\"https:\/\/szucsbike.hu\/kapcsolat\" style=\"background:#1e73be\" class=\"rpt_foot rpt_foot_2\">Jelentkezem!<\/a><\/div><\/div><\/div><div style=\"clear:both;\"><\/div>\n\n\n\n<br>\n\n\n<div id=\"rpt_pricr\" class=\"rpt_plans rpt_3_plans rpt_style_basic\"><div class=\"\"><div class=\"rpt_plan  rpt_plugin_f rpt_plan_0  \"><div style=\"text-align:center;\" class=\"rpt_title rpt_title_0\">B+E<\/div><div class=\"rpt_head rpt_head_0\"><div class=\"rpt_price rpt_price_0\">324.200 Ft<\/div><div style=\"color:#1e73be;\" class=\"rpt_subtitle rpt_subtitle_0\">Szem\u00e9lyg\u00e9pkocsi + E<\/div><div class=\"rpt_description rpt_description_0\">17,5 \u00e9ves kort\u00f3l<\/div><\/div><div class=\"rpt_features rpt_features_0\"><div style=\"color:black;\" class=\"rpt_feature rpt_feature_0-0\">Elm\u00e9leti oktat\u00e1s - 55.000 Ft \r<\/div><div style=\"color:black;\" class=\"rpt_feature rpt_feature_0-1\">\u00d3rasz\u00e1m - 12 \u00f3ra \r<\/div><div style=\"color:black;\" class=\"rpt_feature rpt_feature_0-2\">\u00d3rad\u00edj - 17.000 Ft \/ \u00f3ra \r<\/div><div style=\"color:black;\" class=\"rpt_feature rpt_feature_0-3\">Gyakorlati oktat\u00e1s - 204.000 Ft \r<\/div><div style=\"color:black;\" class=\"rpt_feature rpt_feature_0-4\">Elm\u00e9leti vizsgad\u00edj - 3 x 10.500 Ft \r<\/div><div style=\"color:black;\" class=\"rpt_feature rpt_feature_0-5\">J\u00e1rm\u0171kezel\u00e9si vizsgad\u00edj - 9.700 Ft \r<\/div><div style=\"color:black;\" class=\"rpt_feature rpt_feature_0-6\">Forgalmi vizsgad\u00edj - 24.000 Ft <\/div><\/div><a target=\"_blank\" href=\"https:\/\/szucsbike.hu\/kapcsolat\" style=\"background:#1e73be\" class=\"rpt_foot rpt_foot_0\">Jelentkezem!<\/a><\/div><div class=\"rpt_plan  rpt_plugin_f rpt_plan_1  \"><div style=\"text-align:center;\" class=\"rpt_title rpt_title_1\">C<\/div><div class=\"rpt_head rpt_head_1\"><div class=\"rpt_price rpt_price_1\">492.200 Ft<\/div><div style=\"color:#1e73be;\" class=\"rpt_subtitle rpt_subtitle_1\">Teherg\u00e9pkocsi<\/div><div class=\"rpt_description rpt_description_1\">21 \u00e9ves kort\u00f3l<\/div><\/div><div class=\"rpt_features rpt_features_1\"><div style=\"color:black;\" class=\"rpt_feature rpt_feature_1-0\">Elm\u00e9leti oktat\u00e1s - 70.000 Ft \r<\/div><div style=\"color:black;\" class=\"rpt_feature rpt_feature_1-1\">\u00d3rasz\u00e1m - 17 \u00f3ra \r<\/div><div style=\"color:black;\" class=\"rpt_feature rpt_feature_1-2\">\u00d3rad\u00edj - 21.000 Ft \/ \u00f3ra \r<\/div><div style=\"color:black;\" class=\"rpt_feature rpt_feature_1-3\">Gyakorlati oktat\u00e1s - 357.000 Ft \r<\/div><div style=\"color:black;\" class=\"rpt_feature rpt_feature_1-4\">Elm\u00e9leti vizsgad\u00edj - 3 x 10.500 Ft \r<\/div><div style=\"color:black;\" class=\"rpt_feature rpt_feature_1-5\">J\u00e1rm\u0171kezel\u00e9si vizsgad\u00edj - 9.700 Ft \r<\/div><div style=\"color:black;\" class=\"rpt_feature rpt_feature_1-6\">Forgalmi vizsga - 24.000 Ft <\/div><\/div><a target=\"_blank\" href=\"https:\/\/szucsbike.hu\/kapcsolat\" style=\"background:#1e73be\" class=\"rpt_foot rpt_foot_1\">Jelentkezem!<\/a><\/div><div class=\"rpt_plan  rpt_plugin_f rpt_plan_2  \"><div style=\"text-align:center;\" class=\"rpt_title rpt_title_2\">C+E<\/div><div class=\"rpt_head rpt_head_2\"><div class=\"rpt_price rpt_price_2\">408.700 Ft<\/div><div style=\"color:#1e73be;\" class=\"rpt_subtitle rpt_subtitle_2\">Teher GKI neh\u00e9z p\u00f3tkocsival<\/div><div class=\"rpt_description rpt_description_2\">21 \u00e9ves kort\u00f3l<\/div><\/div><div class=\"rpt_features rpt_features_2\"><div style=\"color:black;\" class=\"rpt_feature rpt_feature_2-0\">Elm\u00e9leti oktat\u00e1s - 55.000 Ft \r<\/div><div style=\"color:black;\" class=\"rpt_feature rpt_feature_2-1\">\u00d3rasz\u00e1m - 13 \u00f3ra \r<\/div><div style=\"color:black;\" class=\"rpt_feature rpt_feature_2-2\">\u00d3rad\u00edj - 23.000 Ft \/ \u00f3ra \r<\/div><div style=\"color:black;\" class=\"rpt_feature rpt_feature_2-3\">Gyakorlati oktat\u00e1s - 299.000 Ft \r<\/div><div style=\"color:black;\" class=\"rpt_feature rpt_feature_2-4\">Elm\u00e9leti vizsgad\u00edj - 2 x 10.500 Ft \r<\/div><div style=\"color:black;\" class=\"rpt_feature rpt_feature_2-5\">J\u00e1rm\u0171kezel\u00e9s vizsgad\u00edj - 9700 Ft \r<\/div><div style=\"color:black;\" class=\"rpt_feature rpt_feature_2-6\">Forgalmi vizsga - 24.000 Ft <\/div><\/div><a target=\"_blank\" href=\"https:\/\/szucsbike.hu\/kapcsolat\" style=\"background:#1e73be\" class=\"rpt_foot rpt_foot_2\">Jelentkezem!<\/a><\/div><\/div><\/div><div style=\"clear:both;\"><\/div>\n\n\n\n<p><\/p>\n","protected":false},"excerpt":{"rendered":"<p>Fizet\u00e9s a k\u00f6vetkez\u0151 m\u00f3dokon lehets\u00e9ges: K\u00e9szp\u00e9nz Utal\u00e1s Utal\u00e1s eset\u00e9n sz\u00e1mlasz\u00e1m: 11773377-01242225Kedvezm\u00e9nyezett neve: Sz\u00fccs Gerg\u0151Megjegyz\u00e9s: tanul\u00f3 neve + utal\u00e1s t\u00e1rgya, pl: gyakorlat<\/p>\n","protected":false},"author":1,"featured_media":0,"parent":0,"menu_order":0,"comment_status":"closed","ping_status":"closed","template":"page-templates\/full-width-unconstrained-content.php","meta":{"footnotes":""},"class_list":["post-17","page","type-page","status-publish","hentry"],"_links":{"self":[{"href":"https:\/\/szucsbike.hu\/index.php?rest_route=\/wp\/v2\/pages\/17","targetHints":{"allow":["GET"]}}],"collection":[{"href":"https:\/\/szucsbike.hu\/index.php?rest_route=\/wp\/v2\/pages"}],"about":[{"href":"https:\/\/szucsbike.hu\/index.php?rest_route=\/wp\/v2\/types\/page"}],"author":[{"embeddable":true,"href":"https:\/\/szucsbike.hu\/index.php?rest_route=\/wp\/v2\/users\/1"}],"replies":[{"embeddable":true,"href":"https:\/\/szucsbike.hu\/index.php?rest_route=%2Fwp%2Fv2%2Fcomments&post=17"}],"version-history":[{"count":11,"href":"https:\/\/szucsbike.hu\/index.php?rest_route=\/wp\/v2\/pages\/17\/revisions"}],"predecessor-version":[{"id":168,"href":"https:\/\/szucsbike.hu\/index.php?rest_route=\/wp\/v2\/pages\/17\/revisions\/168"}],"wp:attachment":[{"href":"https:\/\/szucsbike.hu\/index.php?rest_route=%2Fwp%2Fv2%2Fmedia&parent=17"}],"curies":[{"name":"wp","href":"https:\/\/api.w.org\/{rel}","templated":true}]}}