{"id":46,"date":"2021-03-25T20:18:11","date_gmt":"2021-03-25T20:18:11","guid":{"rendered":"https:\/\/szucsbike.hu\/?page_id=46"},"modified":"2025-03-20T16:59:07","modified_gmt":"2025-03-20T16:59:07","slug":"dokumentumok","status":"publish","type":"page","link":"https:\/\/szucsbike.hu\/?page_id=46","title":{"rendered":"Dokumentumok"},"content":{"rendered":"\n<h2 class=\"wp-block-heading\">T\u00c1J\u00c9KOZTAT\u00d3 DOKUMENTUMOK K\u00c9PZ\u00c9SEINKR\u0150L<\/h2>\n\n\n\n<ul class=\"wp-block-list\">\n<li><a href=\"https:\/\/szucsbike.hu\/wp-content\/uploads\/2025\/03\/A_SzucsBike.pdf\" target=\"_blank\" rel=\"noreferrer noopener\">A kateg\u00f3ria<\/a><\/li>\n\n\n\n<li><a href=\"https:\/\/szucsbike.hu\/wp-content\/uploads\/2025\/03\/A1_SzucsBike.pdf\" target=\"_blank\" rel=\"noreferrer noopener\">A1 kateg\u00f3ria<\/a><\/li>\n\n\n\n<li><a href=\"https:\/\/szucsbike.hu\/wp-content\/uploads\/2025\/03\/A2_SzucsBike.pdf\" target=\"_blank\" rel=\"noreferrer noopener\">A2 kateg\u00f3ria<\/a><\/li>\n\n\n\n<li><a href=\"https:\/\/szucsbike.hu\/wp-content\/uploads\/2025\/03\/AM_SzucsBike.pdf\" target=\"_blank\" rel=\"noreferrer noopener\">AM kateg\u00f3ria<\/a><\/li>\n\n\n\n<li><a href=\"https:\/\/szucsbike.hu\/wp-content\/uploads\/2025\/03\/B_SzucsBike.pdf\" target=\"_blank\" rel=\"noreferrer noopener\">B kateg\u00f3ria<\/a><\/li>\n\n\n\n<li><a href=\"https:\/\/szucsbike.hu\/wp-content\/uploads\/2025\/03\/BA1_SzucsBike.pdf\">BA1 kateg\u00f3ria<\/a><\/li>\n<\/ul>\n\n\n\n<h2 class=\"wp-block-heading\">ADATKEZEL\u00c9SI \u00c9S ADATV\u00c9DELMI T\u00c1J\u00c9KOZTAT\u00d3<\/h2>\n\n\n\n<ul class=\"wp-block-list\">\n<li><a href=\"https:\/\/szucsbike.hu\/wp-content\/uploads\/2021\/05\/adatkezelesi_nyilatkozat.pdf\" target=\"_blank\" rel=\"noreferrer noopener\">Adatkezel\u00e9si \u00e9s adatv\u00e9delmi t\u00e1j\u00e9koztat\u00f3<\/a><\/li>\n<\/ul>\n\n\n\n<p><\/p>\n","protected":false},"excerpt":{"rendered":"<p>T\u00c1J\u00c9KOZTAT\u00d3 DOKUMENTUMOK K\u00c9PZ\u00c9SEINKR\u0150L ADATKEZEL\u00c9SI \u00c9S ADATV\u00c9DELMI T\u00c1J\u00c9KOZTAT\u00d3<\/p>\n","protected":false},"author":1,"featured_media":0,"parent":0,"menu_order":0,"comment_status":"closed","ping_status":"closed","template":"","meta":{"footnotes":""},"class_list":["post-46","page","type-page","status-publish","hentry"],"_links":{"self":[{"href":"https:\/\/szucsbike.hu\/index.php?rest_route=\/wp\/v2\/pages\/46","targetHints":{"allow":["GET"]}}],"collection":[{"href":"https:\/\/szucsbike.hu\/index.php?rest_route=\/wp\/v2\/pages"}],"about":[{"href":"https:\/\/szucsbike.hu\/index.php?rest_route=\/wp\/v2\/types\/page"}],"author":[{"embeddable":true,"href":"https:\/\/szucsbike.hu\/index.php?rest_route=\/wp\/v2\/users\/1"}],"replies":[{"embeddable":true,"href":"https:\/\/szucsbike.hu\/index.php?rest_route=%2Fwp%2Fv2%2Fcomments&post=46"}],"version-history":[{"count":22,"href":"https:\/\/szucsbike.hu\/index.php?rest_route=\/wp\/v2\/pages\/46\/revisions"}],"predecessor-version":[{"id":279,"href":"https:\/\/szucsbike.hu\/index.php?rest_route=\/wp\/v2\/pages\/46\/revisions\/279"}],"wp:attachment":[{"href":"https:\/\/szucsbike.hu\/index.php?rest_route=%2Fwp%2Fv2%2Fmedia&parent=46"}],"curies":[{"name":"wp","href":"https:\/\/api.w.org\/{rel}","templated":true}]}}