{"id":48,"date":"2021-03-25T20:19:01","date_gmt":"2021-03-25T20:19:01","guid":{"rendered":"https:\/\/szucsbike.hu\/?page_id=48"},"modified":"2021-04-09T12:09:34","modified_gmt":"2021-04-09T12:09:34","slug":"rolunk","status":"publish","type":"page","link":"https:\/\/szucsbike.hu\/?page_id=48","title":{"rendered":"R\u00f3lunk"},"content":{"rendered":"\n<p>Iskol\u00e1nk szeretettel v\u00e1rja gyakorlati \u00e9s elm\u00e9leti k\u00e9pz\u00e9sre leend\u0151 tanul\u00f3it. Oktat\u00f3ink t\u00f6bb t\u00edz \u00e9ves pedag\u00f3gia m\u00falttal rendelkeznek. Sz\u00e1munkra fontos, hogy di\u00e1kjaink j\u00f3l \u00e9rezz\u00e9k magukat az \u00f3r\u00e1inkon, mindek\u00f6zben elsaj\u00e1t\u00edtva a k\u00f6zleked\u00e9s tr\u00fckkjeit, rejtelmeit. Int\u00e9zm\u00e9ny\u00fcnk f\u0151 c\u00e9lja, hogy k\u00e9pz\u00e9seinket gyorsan \u00e9s hat\u00e9konyan adjuk \u00e1t. Mi nem csak a vizsg\u00e1ra, hanem a mindennapi \u00e9let pr\u00f3bat\u00e9teleire k\u00e9sz\u00edtj\u00fck fel \u0151ket. Szeretettel v\u00e1rjuk azon k\u00e9pz\u00e9sre jelentkez\u0151inket is, akik jogos\u00edtv\u00e1nnyal m\u00e1r rendelkeznek, de kell\u0151 gyakorlattal m\u00e9g nem.<\/p>\n","protected":false},"excerpt":{"rendered":"<p>Iskol\u00e1nk szeretettel v\u00e1rja gyakorlati \u00e9s elm\u00e9leti k\u00e9pz\u00e9sre leend\u0151 tanul\u00f3it. Oktat\u00f3ink t\u00f6bb t\u00edz \u00e9ves pedag\u00f3gia m\u00falttal rendelkeznek. Sz\u00e1munkra fontos, hogy di\u00e1kjaink j\u00f3l \u00e9rezz\u00e9k magukat az \u00f3r\u00e1inkon, mindek\u00f6zben elsaj\u00e1t\u00edtva a k\u00f6zleked\u00e9s tr\u00fckkjeit, rejtelmeit. Int\u00e9zm\u00e9ny\u00fcnk f\u0151 c\u00e9lja, hogy k\u00e9pz\u00e9seinket gyorsan \u00e9s hat\u00e9konyan adjuk \u00e1t. Mi nem csak a vizsg\u00e1ra, hanem a mindennapi \u00e9let pr\u00f3bat\u00e9teleire k\u00e9sz\u00edtj\u00fck fel \u0151ket. Szeretettel&hellip;<\/p>\n","protected":false},"author":1,"featured_media":0,"parent":0,"menu_order":0,"comment_status":"closed","ping_status":"closed","template":"","meta":{"footnotes":""},"class_list":["post-48","page","type-page","status-publish","hentry"],"_links":{"self":[{"href":"https:\/\/szucsbike.hu\/index.php?rest_route=\/wp\/v2\/pages\/48","targetHints":{"allow":["GET"]}}],"collection":[{"href":"https:\/\/szucsbike.hu\/index.php?rest_route=\/wp\/v2\/pages"}],"about":[{"href":"https:\/\/szucsbike.hu\/index.php?rest_route=\/wp\/v2\/types\/page"}],"author":[{"embeddable":true,"href":"https:\/\/szucsbike.hu\/index.php?rest_route=\/wp\/v2\/users\/1"}],"replies":[{"embeddable":true,"href":"https:\/\/szucsbike.hu\/index.php?rest_route=%2Fwp%2Fv2%2Fcomments&post=48"}],"version-history":[{"count":2,"href":"https:\/\/szucsbike.hu\/index.php?rest_route=\/wp\/v2\/pages\/48\/revisions"}],"predecessor-version":[{"id":116,"href":"https:\/\/szucsbike.hu\/index.php?rest_route=\/wp\/v2\/pages\/48\/revisions\/116"}],"wp:attachment":[{"href":"https:\/\/szucsbike.hu\/index.php?rest_route=%2Fwp%2Fv2%2Fmedia&parent=48"}],"curies":[{"name":"wp","href":"https:\/\/api.w.org\/{rel}","templated":true}]}}