{"id":50,"date":"2021-03-25T20:20:38","date_gmt":"2021-03-25T20:20:38","guid":{"rendered":"https:\/\/szucsbike.hu\/?page_id=50"},"modified":"2025-02-19T08:15:47","modified_gmt":"2025-02-19T08:15:47","slug":"kapcsolat","status":"publish","type":"page","link":"https:\/\/szucsbike.hu\/?page_id=50","title":{"rendered":"Kapcsolat"},"content":{"rendered":"\n<h2 class=\"wp-block-heading\">EL\u00c9RHET\u0150S\u00c9GEINK<\/h2>\n\n\n\n<h2 class=\"wp-block-heading has-text-align-center\">GY\u0150R \u2013 \u00c1RP\u00c1D \u00daT<\/h2>\n\n\n\nC\u00edm: <a href=\"https:\/\/www.google.com\/maps\/@47.6860693,17.638416,20z\">9022, Gy\u0151r, \u00c1rp\u00e1d \u00fat 50. (\u00c1rp\u00e1d parkol\u00f3h\u00e1z mellett)<\/a>\n<br>\nTelefon: <a href=\"tel:+3696326300\">+36\/96-326-300<\/a> vagy <a href=\"tel:+36205847937\">+36\/20-584-7937<\/a>\n<br>\nEmail: <a href=\"mailto:szucsbike@gmail.com\">szucsbike@gmail.com<\/a>\n<br>\n\n\n\n<p class=\"has-text-align-center\">Nyitvatart\u00e1s<\/p>\n\n\n\n<figure class=\"wp-block-table\"><table><tbody><tr><td>H\u00e9tf\u0151<\/td><td>14:00\u2009\u2013\u200916:00<\/td><\/tr><tr><td>Kedd<\/td><td>14:00\u2009\u2013\u200916:00<\/td><\/tr><tr><td>Szerda<\/td><td>14:00\u2009\u2013\u200916:00<\/td><\/tr><tr><td>Cs\u00fct\u00f6rt\u00f6k<\/td><td>14:00\u2009\u2013\u200916:00<\/td><\/tr><tr><td>P\u00e9ntek<\/td><td>Z\u00e1rva<\/td><\/tr><tr><td>Szombat<\/td><td>Z\u00e1rva<\/td><\/tr><tr><td>Vas\u00e1rnap<\/td><td>Z\u00e1rva<\/td><\/tr><\/tbody><\/table><\/figure>\n\n\n\n<p class=\"has-text-align-center\"><\/p>\n\n\n\n<h2 class=\"wp-block-heading has-text-align-center\">\u00cdrj \u00fczenetet!<\/h2>\n\n\n\n<div class=\"wpcf7 no-js\" id=\"wpcf7-f138-o1\" lang=\"en-US\" dir=\"ltr\" data-wpcf7-id=\"138\">\n<div class=\"screen-reader-response\"><p role=\"status\" aria-live=\"polite\" aria-atomic=\"true\"><\/p> <ul><\/ul><\/div>\n<form action=\"\/index.php?rest_route=%2Fwp%2Fv2%2Fpages%2F50#wpcf7-f138-o1\" method=\"post\" class=\"wpcf7-form init\" aria-label=\"Contact form\" novalidate=\"novalidate\" data-status=\"init\">\n<fieldset class=\"hidden-fields-container\"><input type=\"hidden\" name=\"_wpcf7\" value=\"138\" \/><input type=\"hidden\" name=\"_wpcf7_version\" value=\"6.1.5\" \/><input type=\"hidden\" name=\"_wpcf7_locale\" value=\"en_US\" \/><input type=\"hidden\" name=\"_wpcf7_unit_tag\" value=\"wpcf7-f138-o1\" \/><input type=\"hidden\" name=\"_wpcf7_container_post\" value=\"0\" \/><input type=\"hidden\" name=\"_wpcf7_posted_data_hash\" value=\"\" \/>\n<\/fieldset>\n<p><label> N\u00e9v<br \/>\n<span class=\"wpcf7-form-control-wrap\" data-name=\"nev\"><input size=\"40\" maxlength=\"400\" class=\"wpcf7-form-control wpcf7-text wpcf7-validates-as-required\" aria-required=\"true\" aria-invalid=\"false\" value=\"\" type=\"text\" name=\"nev\" \/><\/span> <\/label>\n<\/p>\n<p><label> Email<br \/>\n<span class=\"wpcf7-form-control-wrap\" data-name=\"email\"><input size=\"40\" maxlength=\"400\" class=\"wpcf7-form-control wpcf7-email wpcf7-validates-as-required wpcf7-text wpcf7-validates-as-email\" aria-required=\"true\" aria-invalid=\"false\" value=\"\" type=\"email\" name=\"email\" \/><\/span> <\/label>\n<\/p>\n<p><label> T\u00e1rgy<br \/>\n<span class=\"wpcf7-form-control-wrap\" data-name=\"targy\"><input size=\"40\" maxlength=\"400\" class=\"wpcf7-form-control wpcf7-text wpcf7-validates-as-required\" aria-required=\"true\" aria-invalid=\"false\" value=\"\" type=\"text\" name=\"targy\" \/><\/span> <\/label>\n<\/p>\n<p><label> \u00dczenet<br \/>\n<span class=\"wpcf7-form-control-wrap\" data-name=\"uzenet\"><textarea cols=\"40\" rows=\"10\" maxlength=\"2000\" class=\"wpcf7-form-control wpcf7-textarea\" aria-invalid=\"false\" name=\"uzenet\"><\/textarea><\/span> <\/label>\n<\/p>\n<p><input class=\"wpcf7-form-control wpcf7-submit has-spinner\" type=\"submit\" value=\"Submit\" \/>\n<\/p><div class=\"wpcf7-response-output\" aria-hidden=\"true\"><\/div>\n<\/form>\n<\/div>\n\n\n\n\n<p><\/p>\n","protected":false},"excerpt":{"rendered":"<p>EL\u00c9RHET\u0150S\u00c9GEINK GY\u0150R \u2013 \u00c1RP\u00c1D \u00daT C\u00edm: 9022, Gy\u0151r, \u00c1rp\u00e1d \u00fat 50. (\u00c1rp\u00e1d parkol\u00f3h\u00e1z mellett) Telefon: +36\/96-326-300 vagy +36\/20-584-7937 Email: szucsbike@gmail.com Nyitvatart\u00e1s H\u00e9tf\u0151 14:00\u2009\u2013\u200916:00 Kedd 14:00\u2009\u2013\u200916:00 Szerda 14:00\u2009\u2013\u200916:00 Cs\u00fct\u00f6rt\u00f6k 14:00\u2009\u2013\u200916:00 P\u00e9ntek Z\u00e1rva Szombat Z\u00e1rva Vas\u00e1rnap Z\u00e1rva \u00cdrj \u00fczenetet!<\/p>\n","protected":false},"author":1,"featured_media":0,"parent":0,"menu_order":0,"comment_status":"closed","ping_status":"closed","template":"","meta":{"footnotes":""},"class_list":["post-50","page","type-page","status-publish","hentry"],"_links":{"self":[{"href":"https:\/\/szucsbike.hu\/index.php?rest_route=\/wp\/v2\/pages\/50","targetHints":{"allow":["GET"]}}],"collection":[{"href":"https:\/\/szucsbike.hu\/index.php?rest_route=\/wp\/v2\/pages"}],"about":[{"href":"https:\/\/szucsbike.hu\/index.php?rest_route=\/wp\/v2\/types\/page"}],"author":[{"embeddable":true,"href":"https:\/\/szucsbike.hu\/index.php?rest_route=\/wp\/v2\/users\/1"}],"replies":[{"embeddable":true,"href":"https:\/\/szucsbike.hu\/index.php?rest_route=%2Fwp%2Fv2%2Fcomments&post=50"}],"version-history":[{"count":21,"href":"https:\/\/szucsbike.hu\/index.php?rest_route=\/wp\/v2\/pages\/50\/revisions"}],"predecessor-version":[{"id":270,"href":"https:\/\/szucsbike.hu\/index.php?rest_route=\/wp\/v2\/pages\/50\/revisions\/270"}],"wp:attachment":[{"href":"https:\/\/szucsbike.hu\/index.php?rest_route=%2Fwp%2Fv2%2Fmedia&parent=50"}],"curies":[{"name":"wp","href":"https:\/\/api.w.org\/{rel}","templated":true}]}}