{"id":66,"date":"2021-03-25T20:33:06","date_gmt":"2021-03-25T20:33:06","guid":{"rendered":"https:\/\/szucsbike.hu\/?page_id=66"},"modified":"2025-11-14T11:14:02","modified_gmt":"2025-11-14T11:14:02","slug":"home","status":"publish","type":"page","link":"https:\/\/szucsbike.hu\/","title":{"rendered":""},"content":{"rendered":"\n<div class=\"wp-block-columns is-layout-flex wp-container-core-columns-is-layout-9d6595d7 wp-block-columns-is-layout-flex\">\n<div class=\"wp-block-column is-layout-flow wp-block-column-is-layout-flow\">\n<h5 class=\"wp-block-heading has-text-align-center\">H\u00e9tv\u00e9gi k\u00e9pz\u00e9sek<\/h5>\n\n\n\n<p class=\"has-text-align-center\">K\u00e9pz\u00e9seink h\u00e9tk\u00f6znap \u00e9s h\u00e9tv\u00e9g\u00e9n egyar\u00e1nt indulnak!<\/p>\n\n\n\n<p class=\"has-text-align-center\"><a href=\"https:\/\/szucsbike.hu\/?page_id=50\" data-type=\"page\" data-id=\"50\">\u00c9rdekel!<\/a><\/p>\n<\/div>\n\n\n\n<div class=\"wp-block-column is-layout-flow wp-block-column-is-layout-flow\">\n<h5 class=\"wp-block-heading has-text-align-center\">Interakt\u00edv gyakorl\u00e1s<\/h5>\n\n\n\n<p class=\"has-text-align-center\">Sz\u00e1m\u00edt\u00f3g\u00e9pes gyakorl\u00e1si lehet\u0151s\u00e9g!<\/p>\n\n\n\n<p class=\"has-text-align-center\"><a href=\"https:\/\/szucsbike.hu\/?page_id=50\" data-type=\"page\" data-id=\"50\">\u00c9rdekel!<\/a><\/p>\n<\/div>\n\n\n\n<div class=\"wp-block-column is-layout-flow wp-block-column-is-layout-flow\">\n<h5 class=\"wp-block-heading has-text-align-center\">Els\u0151seg\u00e9ly tanfolyam<\/h5>\n\n\n\n<p class=\"has-text-align-center\">Els\u0151seg\u00e9lyny\u00fajt\u00f3 tanfolyam elv\u00e9gz\u00e9s\u00e9re is van lehet\u0151s\u00e9g!<\/p>\n\n\n\n<p class=\"has-text-align-center\"><a href=\"https:\/\/szucsbike.hu\/?page_id=50\" data-type=\"page\" data-id=\"50\">\u00c9rdekel!<\/a><\/p>\n<\/div>\n<\/div>\n\n\n\n<h1 class=\"wp-block-heading has-text-align-center\">Indul\u00f3 tanfolyamaink<\/h1>\n\n\n\n<hr class=\"wp-block-separator has-css-opacity\"\/>\n\n\n\n<p class=\"has-text-align-center\"><a href=\"https:\/\/szucsbike.hu\/?page_id=13\" data-type=\"page\" data-id=\"13\">Folyamatosan indul\u00f3 tanfolyamaink list\u00e1ja<\/a><\/p>\n\n\n\n<p class=\"has-text-align-center\"><a href=\"https:\/\/szucsbike.hu\/?page_id=17\" data-type=\"page\" data-id=\"17\">Aktu\u00e1lisan indul\u00f3 tanfolyamok \u00e9s legfrissebb inform\u00e1ci\u00f3k<\/a><\/p>\n\n\n\n<div class=\"wp-block-columns is-layout-flex wp-container-core-columns-is-layout-9d6595d7 wp-block-columns-is-layout-flex\">\n<div class=\"wp-block-column is-layout-flow wp-block-column-is-layout-flow\"><div class=\"wp-block-image\">\n<figure class=\"aligncenter size-large\"><img loading=\"lazy\" decoding=\"async\" width=\"285\" height=\"60\" src=\"https:\/\/szucsbike.hu\/wp-content\/uploads\/2021\/03\/eTitanLogoSmall.png\" alt=\"\" class=\"wp-image-76\"\/><\/figure>\n<\/div><\/div>\n\n\n\n<div class=\"wp-block-column is-layout-flow wp-block-column-is-layout-flow\"><div class=\"wp-block-image\">\n<figure class=\"aligncenter size-large\"><img loading=\"lazy\" decoding=\"async\" width=\"300\" height=\"58\" src=\"https:\/\/szucsbike.hu\/wp-content\/uploads\/2021\/03\/edukresz_logo-300x58-1.png\" alt=\"\" class=\"wp-image-75\"\/><\/figure>\n<\/div><\/div>\n<\/div>\n\n\n\n<p><\/p>\n\n\n\n<figure class=\"wp-block-table\"><table><tbody><tr><td>Kateg\u00f3ri\u00e1k<\/td><td>\u00c1K\u00d3(%) gyakorlat<\/td><td>VSM(%) elm\u00e9let<\/td><td>VSM (%) gyakorlat<\/td><td>KK(k\u00e9pz\u00e9si k\u00f6lts\u00e9g Ft)<\/td><\/tr><tr><td>AM<\/td><td>0%<\/td><td>0%<\/td><td>0%<\/td><td>150.000 Ft<\/td><\/tr><tr><td>A1<\/td><td>0%<\/td><td>0%<\/td><td>0%<\/td><td>255.400 Ft<\/td><\/tr><tr><td>A2<\/td><td>0%<\/td><td>0%<\/td><td>0%<\/td><td>255.400Ft<\/td><\/tr><tr><td>A<\/td><td>0%<\/td><td>0%<\/td><td>100%<\/td><td>345.400 Ft<\/td><\/tr><tr><td>B<\/td><td>0%<\/td><td>0%<\/td><td>44%<\/td><td>542.433 Ft<\/td><\/tr><tr><td>C<\/td><td>0%<\/td><td>0%<\/td><td>0%<\/td><td>498.000 Ft<\/td><\/tr><\/tbody><\/table><figcaption class=\"wp-element-caption\"><br>2025. III. negyed\u00e9v statisztika Sz\u00fccsi Suli kft.<\/figcaption><\/figure>\n\n\n\n<p><\/p>\n","protected":false},"excerpt":{"rendered":"<p>H\u00e9tv\u00e9gi k\u00e9pz\u00e9sek K\u00e9pz\u00e9seink h\u00e9tk\u00f6znap \u00e9s h\u00e9tv\u00e9g\u00e9n egyar\u00e1nt indulnak! \u00c9rdekel! Interakt\u00edv gyakorl\u00e1s Sz\u00e1m\u00edt\u00f3g\u00e9pes gyakorl\u00e1si lehet\u0151s\u00e9g! \u00c9rdekel! Els\u0151seg\u00e9ly tanfolyam Els\u0151seg\u00e9lyny\u00fajt\u00f3 tanfolyam elv\u00e9gz\u00e9s\u00e9re is van lehet\u0151s\u00e9g! \u00c9rdekel! Indul\u00f3 tanfolyamaink Folyamatosan indul\u00f3 tanfolyamaink list\u00e1ja Aktu\u00e1lisan indul\u00f3 tanfolyamok \u00e9s legfrissebb inform\u00e1ci\u00f3k Kateg\u00f3ri\u00e1k \u00c1K\u00d3(%) gyakorlat VSM(%) elm\u00e9let VSM (%) gyakorlat KK(k\u00e9pz\u00e9si k\u00f6lts\u00e9g Ft) AM 0% 0% 0% 150.000 Ft A1 0%&hellip;<\/p>\n","protected":false},"author":1,"featured_media":0,"parent":0,"menu_order":0,"comment_status":"closed","ping_status":"closed","template":"page-templates\/full-width-unconstrained-content.php","meta":{"footnotes":""},"class_list":["post-66","page","type-page","status-publish","hentry"],"_links":{"self":[{"href":"https:\/\/szucsbike.hu\/index.php?rest_route=\/wp\/v2\/pages\/66","targetHints":{"allow":["GET"]}}],"collection":[{"href":"https:\/\/szucsbike.hu\/index.php?rest_route=\/wp\/v2\/pages"}],"about":[{"href":"https:\/\/szucsbike.hu\/index.php?rest_route=\/wp\/v2\/types\/page"}],"author":[{"embeddable":true,"href":"https:\/\/szucsbike.hu\/index.php?rest_route=\/wp\/v2\/users\/1"}],"replies":[{"embeddable":true,"href":"https:\/\/szucsbike.hu\/index.php?rest_route=%2Fwp%2Fv2%2Fcomments&post=66"}],"version-history":[{"count":18,"href":"https:\/\/szucsbike.hu\/index.php?rest_route=\/wp\/v2\/pages\/66\/revisions"}],"predecessor-version":[{"id":285,"href":"https:\/\/szucsbike.hu\/index.php?rest_route=\/wp\/v2\/pages\/66\/revisions\/285"}],"wp:attachment":[{"href":"https:\/\/szucsbike.hu\/index.php?rest_route=%2Fwp%2Fv2%2Fmedia&parent=66"}],"curies":[{"name":"wp","href":"https:\/\/api.w.org\/{rel}","templated":true}]}}